{"id":31,"date":"2018-07-30T21:05:36","date_gmt":"2018-07-30T21:05:36","guid":{"rendered":"http:\/\/www.era-com.net\/es\/?page_id=31"},"modified":"2026-05-16T01:11:26","modified_gmt":"2026-05-16T01:11:26","slug":"contactenos","status":"publish","type":"page","link":"https:\/\/www.era-com.net\/es\/contactenos\/","title":{"rendered":"Cont\u00e1ctenos"},"content":{"rendered":"<section style=\"padding: 70px 30px; background: #f5f7fa;\">\n<div style=\"max-width: 1150px; margin: auto;\">\n<div style=\"text-align: center; margin-bottom: 45px;\">\n<p style=\"font-size: 18px; color: #5b6573; max-width: 850px; margin: auto; line-height: 1.7;\">Conversemos sobre su proyecto, soporte o necesidad tecnol\u00f3gica. Complete el formulario y nuestro equipo le contactar\u00e1.<\/p>\n<\/div>\n<div style=\"display: flex; flex-wrap: wrap; gap: 35px; align-items: flex-start;\">\n<div style=\"flex: 1 1 620px; background: #ffffff; padding: 36px; border-radius: 10px; box-shadow: 0 2px 12px rgba(0,0,0,0.06);\">\n<h2 style=\"font-size: 26px; color: #1b2b44; margin-bottom: 12px;\">Env\u00edenos un mensaje<\/h2>\n<p style=\"font-size: 15px; color: #5b6573; line-height: 1.6; margin-bottom: 25px;\">Los campos marcados como requeridos son necesarios para poder responderle correctamente.<\/p>\n\n<div class=\"wpcf7 no-js\" id=\"wpcf7-f78-o1\" lang=\"es-ES\" dir=\"ltr\">\n<div class=\"screen-reader-response\"><p role=\"status\" aria-live=\"polite\" aria-atomic=\"true\"><\/p> <ul><\/ul><\/div>\n<form action=\"\/es\/wp-json\/wp\/v2\/pages\/31#wpcf7-f78-o1\" method=\"post\" class=\"wpcf7-form init\" aria-label=\"Formulario de contacto\" novalidate=\"novalidate\" data-status=\"init\">\n<div style=\"display: none;\">\n<input type=\"hidden\" name=\"_wpcf7\" value=\"78\" \/>\n<input type=\"hidden\" name=\"_wpcf7_version\" value=\"5.9.8\" \/>\n<input type=\"hidden\" name=\"_wpcf7_locale\" value=\"es_ES\" \/>\n<input type=\"hidden\" name=\"_wpcf7_unit_tag\" value=\"wpcf7-f78-o1\" \/>\n<input type=\"hidden\" name=\"_wpcf7_container_post\" value=\"0\" \/>\n<input type=\"hidden\" name=\"_wpcf7_posted_data_hash\" value=\"\" \/>\n<\/div>\n<p><label> Nombre (requerido)<br \/>\n<span class=\"wpcf7-form-control-wrap\" data-name=\"your-name\"><input size=\"40\" maxlength=\"400\" class=\"wpcf7-form-control wpcf7-text wpcf7-validates-as-required\" aria-required=\"true\" aria-invalid=\"false\" value=\"\" type=\"text\" name=\"your-name\" \/><\/span> <\/label>\n<\/p>\n<p><label> Correo electr\u00f3nico (requerido)<br \/>\n<span class=\"wpcf7-form-control-wrap\" data-name=\"your-email\"><input size=\"40\" maxlength=\"400\" class=\"wpcf7-form-control wpcf7-email wpcf7-validates-as-required wpcf7-text wpcf7-validates-as-email\" aria-required=\"true\" aria-invalid=\"false\" value=\"\" type=\"email\" name=\"your-email\" \/><\/span> <\/label>\n<\/p>\n<p><label> Asunto<br \/>\n<span class=\"wpcf7-form-control-wrap\" data-name=\"your-subject\"><input size=\"40\" maxlength=\"400\" class=\"wpcf7-form-control wpcf7-text\" aria-invalid=\"false\" value=\"\" type=\"text\" name=\"your-subject\" \/><\/span> <\/label>\n<\/p>\n<p><label> Mensaje<br \/>\n<span class=\"wpcf7-form-control-wrap\" data-name=\"your-message\"><textarea cols=\"40\" rows=\"10\" maxlength=\"2000\" class=\"wpcf7-form-control wpcf7-textarea\" aria-invalid=\"false\" name=\"your-message\"><\/textarea><\/span> <\/label>\n<\/p>\n<p><input type=\"hidden\" name=\"_wpcf7_captcha_challenge_captcha-118\" value=\"2667148176\" \/><img loading=\"lazy\" decoding=\"async\" class=\"wpcf7-form-control wpcf7-captchac wpcf7-captcha-captcha-118\" width=\"84\" height=\"28\" alt=\"captcha\" src=\"https:\/\/www.era-com.net\/es\/wp-content\/uploads\/wpcf7_captcha\/2667148176.png\" \/><br \/>\n<span class=\"wpcf7-form-control-wrap\" data-name=\"captcha-118\"><input size=\"4\" maxlength=\"4\" class=\"wpcf7-form-control wpcf7-captchar\" autocomplete=\"off\" aria-invalid=\"false\" value=\"\" type=\"text\" name=\"captcha-118\" \/><\/span>\n<\/p>\n<p><input class=\"wpcf7-form-control wpcf7-submit has-spinner\" type=\"submit\" value=\"Enviar\" \/>\n<\/p><p style=\"display: none !important;\" class=\"akismet-fields-container\" data-prefix=\"_wpcf7_ak_\"><label>&#916;<textarea name=\"_wpcf7_ak_hp_textarea\" cols=\"45\" rows=\"8\" maxlength=\"100\"><\/textarea><\/label><input type=\"hidden\" id=\"ak_js_1\" name=\"_wpcf7_ak_js\" value=\"226\"\/><script>document.getElementById( \"ak_js_1\" ).setAttribute( \"value\", ( new Date() ).getTime() );<\/script><\/p><div class=\"wpcf7-response-output\" aria-hidden=\"true\"><\/div>\n<\/form>\n<\/div>\n\n<\/div>\n<div style=\"flex: 1 1 320px; background: #1b2b44; padding: 36px; border-radius: 10px; color: #ffffff; box-shadow: 0 2px 12px rgba(0,0,0,0.06);\">\n<h2 style=\"font-size: 26px; color: #ffffff; margin-bottom: 25px;\">Informaci\u00f3n de contacto<\/h2>\n<h3 style=\"font-size: 17px; color: #f58220; margin-bottom: 8px;\">Atenci\u00f3n comercial<\/h3>\n<p style=\"line-height: 1.8; color: #d8dee8; margin: 0 0 22px 0;\">PBX: +502 2324-9920<br \/>\nCorreo: ventas@era-com.net<\/p>\n<h3 style=\"font-size: 17px; color: #f58220; margin-bottom: 8px;\">Horario<\/h3>\n<p style=\"line-height: 1.8; color: #d8dee8; margin: 0 0 22px 0;\">Lunes a viernes<br \/>\n8:00 AM a 5:00 PM<\/p>\n<h3 style=\"font-size: 17px; color: #f58220; margin-bottom: 8px;\">Soluciones empresariales<\/h3>\n<p style=\"line-height: 1.8; color: #d8dee8; margin: 0;\">Comunicaciones unificadas<br \/>\nContact Center<br \/>\nInfraestructura y servidores<br \/>\nRespaldo y continuidad operativa<\/p>\n<\/div>\n<\/div>\n<p><!-- Comentado para eliminar el mapa\n\n\n<div style=\"margin-top:40px;background:#ffffff;padding:18px;border-radius:10px;box-shadow:0 2px 12px rgba(0,0,0,0.06);\">\n\n\n<h2 style=\"font-size:26px;color:#1b2b44;margin:10px 10px 18px 10px;\">\n  \u00c1rea de atenci\u00f3n<\/h2>\n\n\n\n\n<p style=\"color:#5b6573;font-size:16px;line-height:1.7;margin:0 10px 18px 10px;\">\n  Atendemos empresas en Ciudad de Guatemala y otras \u00e1reas del pa\u00eds mediante visitas programadas y atenci\u00f3n remota.\n\n<iframe loading=\"lazy\" style=\"border: 0;\" src=\"https:\/\/www.google.com\/maps\/embed?pb=!1m18!1m12!1m3!1d3860.9264316563417!2d-90.52115323519597!3d14.603266639800792!2m3!1f0!2f0!3f0!3m2!1i1024!2i768!4f13.1!3m3!1m2!1s0x8589a3d108ee9875%3A0xf1c3bf64d78009eb!2sNuestras+Oficinas!5e0!3m2!1ses-419!2sgt!4v1533861189312\" width=\"1280\" height=\"400\" frameborder=\"0\" allowfullscreen=\"allowfullscreen\"><\/iframe>\n\n<\/div>\n\n\n--><\/p>\n<\/div>\n<\/section>\n","protected":false},"excerpt":{"rendered":"<p>&hellip; <a class=\"read-more-link\" href=\"https:\/\/www.era-com.net\/es\/contactenos\/\">Read More<\/a><\/p>\n","protected":false},"author":1,"featured_media":0,"parent":0,"menu_order":0,"comment_status":"closed","ping_status":"closed","template":"","meta":{"jetpack_post_was_ever_published":false,"footnotes":""},"jetpack_sharing_enabled":true,"jetpack_shortlink":"https:\/\/wp.me\/Pa78dn-v","_links":{"self":[{"href":"https:\/\/www.era-com.net\/es\/wp-json\/wp\/v2\/pages\/31"}],"collection":[{"href":"https:\/\/www.era-com.net\/es\/wp-json\/wp\/v2\/pages"}],"about":[{"href":"https:\/\/www.era-com.net\/es\/wp-json\/wp\/v2\/types\/page"}],"author":[{"embeddable":true,"href":"https:\/\/www.era-com.net\/es\/wp-json\/wp\/v2\/users\/1"}],"replies":[{"embeddable":true,"href":"https:\/\/www.era-com.net\/es\/wp-json\/wp\/v2\/comments?post=31"}],"version-history":[{"count":23,"href":"https:\/\/www.era-com.net\/es\/wp-json\/wp\/v2\/pages\/31\/revisions"}],"predecessor-version":[{"id":5179,"href":"https:\/\/www.era-com.net\/es\/wp-json\/wp\/v2\/pages\/31\/revisions\/5179"}],"wp:attachment":[{"href":"https:\/\/www.era-com.net\/es\/wp-json\/wp\/v2\/media?parent=31"}],"curies":[{"name":"wp","href":"https:\/\/api.w.org\/{rel}","templated":true}]}}