{"id":5150,"date":"2026-05-15T23:01:30","date_gmt":"2026-05-15T23:01:30","guid":{"rendered":"https:\/\/www.era-com.net\/es\/?page_id=5150"},"modified":"2026-05-16T01:18:18","modified_gmt":"2026-05-16T01:18:18","slug":"comunicaciones-empresariales-3cx","status":"publish","type":"page","link":"https:\/\/www.era-com.net\/es\/comunicaciones-empresariales-3cx\/","title":{"rendered":"Comunicaciones Empresariales"},"content":{"rendered":"<section style=\"padding: 65px 30px; background: #f5f7fa; text-align: center;\">\n<h1 style=\"font-size: 38px; color: #1b2b44; margin-bottom: 18px; font-weight: 600;\">Comunicaciones Empresariales<\/h1>\n<p style=\"font-size: 18px; color: #5b6573; max-width: 950px; margin: 0 auto; line-height: 1.7;\">Soluciones de telefon\u00eda IP, PBX, colaboraci\u00f3n, videoconferencia y comunicaciones unificadas para empresas que necesitan operar de forma m\u00e1s eficiente, flexible y conectada.<\/p>\n<\/section>\n<section style=\"padding: 70px 30px; background: #ffffff;\">\n<div style=\"max-width: 1150px; margin: auto;\">\n<h2 style=\"font-size: 32px; color: #1b2b44; text-align: center; margin-bottom: 45px;\">Comunicaciones modernas para empresas<\/h2>\n<div style=\"display: flex; flex-wrap: wrap; gap: 28px; justify-content: center;\">\n<div style=\"flex: 1 1 300px; background: #f7f9fc; padding: 32px; border-radius: 10px; box-shadow: 0 2px 10px rgba(0,0,0,0.05);\">\n<h3 style=\"color: #1b2b44; font-size: 23px; text-align: center;\">3CX y comunicaciones unificadas<\/h3>\n<p style=\"color: #5b6573; line-height: 1.7; text-align: center;\">Plataforma moderna para llamadas, extensiones m\u00f3viles, videoconferencia, chat, grabaciones, reportes e integraci\u00f3n con herramientas empresariales.<\/p>\n<\/div>\n<div style=\"flex: 1 1 300px; background: #f7f9fc; padding: 32px; border-radius: 10px; box-shadow: 0 2px 10px rgba(0,0,0,0.05);\">\n<h3 style=\"color: #1b2b44; font-size: 23px; text-align: center;\">Grandstream UCM<\/h3>\n<p style=\"color: #5b6573; line-height: 1.7; text-align: center;\">PBX IP local o appliance para empresas que requieren una soluci\u00f3n robusta, controlada y flexible para telefon\u00eda corporativa.<\/p>\n<\/div>\n<div style=\"flex: 1 1 300px; background: #f7f9fc; padding: 32px; border-radius: 10px; box-shadow: 0 2px 10px rgba(0,0,0,0.05);\">\n<h3 style=\"color: #1b2b44; font-size: 23px; text-align: center;\">Telefon\u00eda IP y dispositivos<\/h3>\n<p style=\"color: #5b6573; line-height: 1.7; text-align: center;\">Integraci\u00f3n con tel\u00e9fonos IP, gateways, troncales SIP, SBC, auriculares, videotel\u00e9fonos y equipos compatibles como Grandstream, Yealink y Fanvil.<\/p>\n<\/div>\n<\/div>\n<\/div>\n<\/section>\n<section style=\"padding: 75px 30px; background: #1b2b44; color: #ffffff; text-align: center;\">\n<div style=\"max-width: 1000px; margin: auto;\">\n<h2 style=\"font-size: 34px; color: #ffffff; margin-bottom: 22px;\">M\u00e1s que telefon\u00eda: comunicaci\u00f3n integrada para su operaci\u00f3n<\/h2>\n<p style=\"font-size: 18px; line-height: 1.8; color: #d8dee8;\">Dise\u00f1amos soluciones que permiten a su empresa conectar equipos, atender clientes, trabajar de forma remota y mantener control sobre sus comunicaciones.<\/p>\n<\/div>\n<\/section>\n<section style=\"padding: 70px 30px; background: #ffffff;\">\n<div style=\"max-width: 1150px; margin: auto;\">\n<h2 style=\"font-size: 32px; color: #1b2b44; text-align: center; margin-bottom: 45px;\">Beneficios para su empresa<\/h2>\n<div style=\"display: flex; flex-wrap: wrap; gap: 25px; justify-content: center;\">\n<div style=\"flex: 1 1 250px; padding: 28px; background: #f7f9fc; border-left: 5px solid #f58220;\">\n<h3 style=\"color: #1b2b44;\">Movilidad<\/h3>\n<p style=\"color: #5b6573; line-height: 1.7;\">Extensiones en computadoras, celulares y tel\u00e9fonos IP para trabajar desde cualquier lugar.<\/p>\n<\/div>\n<div style=\"flex: 1 1 250px; padding: 28px; background: #f7f9fc; border-left: 5px solid #f58220;\">\n<h3 style=\"color: #1b2b44;\">Control y reportes<\/h3>\n<p style=\"color: #5b6573; line-height: 1.7;\">Grabaciones, reportes, estado de extensiones y visibilidad sobre la operaci\u00f3n telef\u00f3nica.<\/p>\n<\/div>\n<div style=\"flex: 1 1 250px; padding: 28px; background: #f7f9fc; border-left: 5px solid #f58220;\">\n<h3 style=\"color: #1b2b44;\">Escalabilidad<\/h3>\n<p style=\"color: #5b6573; line-height: 1.7;\">Soluciones que pueden crecer seg\u00fan usuarios, sedes, canales y necesidades de comunicaci\u00f3n.<\/p>\n<\/div>\n<div style=\"flex: 1 1 250px; padding: 28px; background: #f7f9fc; border-left: 5px solid #f58220;\">\n<h3 style=\"color: #1b2b44;\">Integraci\u00f3n<\/h3>\n<p style=\"color: #5b6573; line-height: 1.7;\">Integraci\u00f3n con troncales SIP, CRM, contact center, WhatsApp, gateways y dispositivos empresariales.<\/p>\n<\/div>\n<\/div>\n<\/div>\n<\/section>\n<section style=\"padding: 70px 30px; background: #f5f7fa;\">\n<div style=\"max-width: 1100px; margin: auto;\">\n<h2 style=\"font-size: 32px; color: #1b2b44; text-align: center; margin-bottom: 25px;\">Implementaci\u00f3n y acompa\u00f1amiento especializado<\/h2>\n<p style=\"font-size: 18px; color: #5b6573; line-height: 1.8; text-align: center; max-width: 900px; margin: 0 auto 40px auto;\">Acompa\u00f1amos el proceso completo: diagn\u00f3stico, dise\u00f1o de soluci\u00f3n, configuraci\u00f3n, migraci\u00f3n, capacitaci\u00f3n y soporte t\u00e9cnico.<\/p>\n<div style=\"display: flex; flex-wrap: wrap; gap: 24px; justify-content: center;\">\n<div style=\"flex: 1 1 260px; background: #ffffff; padding: 28px; border-radius: 10px;\">\n<h3 style=\"color: #1b2b44;\">Diagn\u00f3stico<\/h3>\n<p style=\"color: #5b6573; line-height: 1.7;\">Evaluamos su operaci\u00f3n actual, usuarios, sedes, enlaces, troncales y necesidades.<\/p>\n<\/div>\n<div style=\"flex: 1 1 260px; background: #ffffff; padding: 28px; border-radius: 10px;\">\n<h3 style=\"color: #1b2b44;\">Dise\u00f1o<\/h3>\n<p style=\"color: #5b6573; line-height: 1.7;\">Proponemos una arquitectura adecuada para comunicaci\u00f3n, movilidad y continuidad.<\/p>\n<\/div>\n<div style=\"flex: 1 1 260px; background: #ffffff; padding: 28px; border-radius: 10px;\">\n<h3 style=\"color: #1b2b44;\">Implementaci\u00f3n<\/h3>\n<p style=\"color: #5b6573; line-height: 1.7;\">Configuramos PBX, extensiones, troncales, tel\u00e9fonos, reglas, grabaciones y seguridad.<\/p>\n<\/div>\n<div style=\"flex: 1 1 260px; background: #ffffff; padding: 28px; border-radius: 10px;\">\n<h3 style=\"color: #1b2b44;\">Soporte<\/h3>\n<p style=\"color: #5b6573; line-height: 1.7;\">Brindamos acompa\u00f1amiento, capacitaci\u00f3n, ajustes y soporte posterior a la implementaci\u00f3n.<\/p>\n<\/div>\n<\/div>\n<\/div>\n<\/section>\n<section style=\"padding: 75px 30px; background: #ffffff; text-align: center;\">\n<div style=\"max-width: 900px; margin: auto;\">\n<h2 style=\"font-size: 34px; color: #1b2b44; margin-bottom: 20px;\">Modernice las comunicaciones de su empresa<\/h2>\n<p style=\"font-size: 18px; color: #5b6573; line-height: 1.7; margin-bottom: 32px;\">Le ayudamos a elegir e implementar la soluci\u00f3n adecuada para su operaci\u00f3n: 3CX, Grandstream UCM, telefon\u00eda IP, troncales SIP y colaboraci\u00f3n empresarial.<\/p>\n<p><a style=\"background: #f58220; color: #ffffff; padding: 17px 40px; border-radius: 6px; text-decoration: none; font-size: 18px; font-weight: 600; display: inline-block; margin: 8px;\" href=\"\/es\/contactenos\/\">Solicitar asesor\u00eda<br \/>\n<\/a><\/p>\n<p><a style=\"border: 2px solid #1b2b44; color: #1b2b44; padding: 15px 38px; border-radius: 6px; text-decoration: none; font-size: 18px; font-weight: 600; display: inline-block; margin: 8px;\" href=\"\/es\/contact-center-omnicanal-guatemala\/\">Ver Contact Center<br \/>\n<\/a><\/p>\n<\/div>\n<\/section>\n","protected":false},"excerpt":{"rendered":"<p>&hellip; <a class=\"read-more-link\" href=\"https:\/\/www.era-com.net\/es\/comunicaciones-empresariales-3cx\/\">Read More<\/a><\/p>\n","protected":false},"author":1,"featured_media":5154,"parent":0,"menu_order":0,"comment_status":"closed","ping_status":"closed","template":"","meta":{"jetpack_post_was_ever_published":false,"footnotes":""},"jetpack_sharing_enabled":true,"jetpack_shortlink":"https:\/\/wp.me\/Pa78dn-1l4","_links":{"self":[{"href":"https:\/\/www.era-com.net\/es\/wp-json\/wp\/v2\/pages\/5150"}],"collection":[{"href":"https:\/\/www.era-com.net\/es\/wp-json\/wp\/v2\/pages"}],"about":[{"href":"https:\/\/www.era-com.net\/es\/wp-json\/wp\/v2\/types\/page"}],"author":[{"embeddable":true,"href":"https:\/\/www.era-com.net\/es\/wp-json\/wp\/v2\/users\/1"}],"replies":[{"embeddable":true,"href":"https:\/\/www.era-com.net\/es\/wp-json\/wp\/v2\/comments?post=5150"}],"version-history":[{"count":4,"href":"https:\/\/www.era-com.net\/es\/wp-json\/wp\/v2\/pages\/5150\/revisions"}],"predecessor-version":[{"id":5184,"href":"https:\/\/www.era-com.net\/es\/wp-json\/wp\/v2\/pages\/5150\/revisions\/5184"}],"wp:featuredmedia":[{"embeddable":true,"href":"https:\/\/www.era-com.net\/es\/wp-json\/wp\/v2\/media\/5154"}],"wp:attachment":[{"href":"https:\/\/www.era-com.net\/es\/wp-json\/wp\/v2\/media?parent=5150"}],"curies":[{"name":"wp","href":"https:\/\/api.w.org\/{rel}","templated":true}]}}